{"id":5237,"date":"2020-10-29T13:58:06","date_gmt":"2020-10-29T12:58:06","guid":{"rendered":"https:\/\/www.valverdewater.com\/?page_id=5237"},"modified":"2024-10-28T13:17:17","modified_gmt":"2024-10-28T12:17:17","slug":"contatti-e-consegna-a-domicilio","status":"publish","type":"page","link":"https:\/\/www.valverdewater.com\/en\/contatti-e-consegna-a-domicilio\/","title":{"rendered":"Contatti e consegna a domicilio"},"content":{"rendered":"<p>[vc_row][vc_column width=&#8221;2\/3&#8243;][vc_column_text]<\/p>\n<h2>Una scelta di stile per te, buona per l&#8217;ambiente<\/h2>\n<p style=\"font-size: 14px;\">Apprezza tutta la freschezza di Acqua Valverde grazie al rapido servizio di consegna a domicilio. Acqua Valverde sgorga dal Monte Rosa, viene imbottigliata nel vetro per mantenere le sue propriet\u00e0 organolettiche, e ti raggiunge grazie al sistema di vetro a rendere che ti permette di fare una scelta ecosostenibile.<\/p>\n<p>[\/vc_column_text][vc_empty_space height=&#8221;20px&#8221;][vc_empty_space height=&#8221;40px&#8221; el_class=&#8221;hidden-xs hidden-sm&#8221;][\/vc_column][vc_column width=&#8221;1\/3&#8243;][\/vc_column][\/vc_row][vc_row el_class=&#8221;vw-ccd-links&#8221;][vc_column width=&#8221;7\/12&#8243;][vc_single_image image=&#8221;5258&#8243; img_size=&#8221;full&#8221;][vc_empty_space height=&#8221;20px&#8221;][vc_empty_space height=&#8221;40px&#8221; el_class=&#8221;hidden-xs hidden-sm&#8221;][\/vc_column][vc_column width=&#8221;5\/12&#8243;][vc_column_text]<\/p>\n<h4>Richiedi il servizio e aspetta l&#8217;acqua comodamente a casa tua.<\/h4>\n<p>[\/vc_column_text][vc_column_text el_id=&#8221;d2d-phone&#8221;]<\/p>\n<h3>Numero verde<\/h3>\n<p><a href=\"tel:800830071\" target=\"_blank\" rel=\"noopener\">800-830071<\/a>[\/vc_column_text][vc_column_text el_id=&#8221;d2d-shop&#8221;]<\/p>\n<h3>Shop online<\/h3>\n<p><a href=\"https:\/\/www.acquando.it\/it\" target=\"_blank\" rel=\"noopener\">www.acquando.it<\/a>[\/vc_column_text][\/vc_column][\/vc_row][vc_row][vc_column][vc_empty_space height=&#8221;40px&#8221;][vc_column_text]<\/p>\n<h4>Vuoi avere pi\u00f9 informazioni oppure fare il tuo ordine? Compila questi campi.*<\/h4>\n<p>*Per la consegna a domicilio al momento la copertura \u00e8 limitata al Nord Italia e alcune zone del Centro Italia, mentre per i ristoratori copriamo tutto il territorio nazionale.[\/vc_column_text][vc_column_text]\n<div class=\"wpcf7 no-js\" id=\"wpcf7-f5255-o1\" lang=\"it-IT\" dir=\"ltr\" data-wpcf7-id=\"5255\">\n<div class=\"screen-reader-response\"><p role=\"status\" aria-live=\"polite\" aria-atomic=\"true\"><\/p> <ul><\/ul><\/div>\n<form action=\"\/en\/wp-json\/wp\/v2\/pages\/5237#wpcf7-f5255-o1\" method=\"post\" class=\"wpcf7-form init\" aria-label=\"Modulo di contatto\" novalidate=\"novalidate\" data-status=\"init\">\n<div style=\"display: none;\">\n<input type=\"hidden\" name=\"_wpcf7\" value=\"5255\" \/>\n<input type=\"hidden\" name=\"_wpcf7_version\" value=\"6.0\" \/>\n<input type=\"hidden\" name=\"_wpcf7_locale\" value=\"it_IT\" \/>\n<input type=\"hidden\" name=\"_wpcf7_unit_tag\" value=\"wpcf7-f5255-o1\" \/>\n<input type=\"hidden\" name=\"_wpcf7_container_post\" value=\"0\" \/>\n<input type=\"hidden\" name=\"_wpcf7_posted_data_hash\" value=\"\" \/>\n<input type=\"hidden\" name=\"_wpcf7_recaptcha_response\" value=\"\" \/>\n<\/div>\n<div style=\"padding-left: 15px; padding-right: 15px\">\n\t<div class=\"row\" style=\"margin-top: 40px\">\n\t\t<div class=\"wpb_column vc_column_container vc_col-sm-6\">\n\t\t\t<p><label> Nome *<br \/>\n<span class=\"wpcf7-form-control-wrap\" data-name=\"fullname\"><input size=\"40\" maxlength=\"400\" class=\"wpcf7-form-control wpcf7-text wpcf7-validates-as-required\" aria-required=\"true\" aria-invalid=\"false\" value=\"\" type=\"text\" name=\"fullname\" \/><\/span> <\/label>\n\t\t\t<\/p>\n\t\t<\/div>\n\t\t<div class=\"wpb_column vc_column_container vc_col-sm-6\">\n\t\t\t<p><label> Email *<br \/>\n<span class=\"wpcf7-form-control-wrap\" data-name=\"email\"><input size=\"40\" maxlength=\"400\" class=\"wpcf7-form-control wpcf7-email wpcf7-validates-as-required wpcf7-text wpcf7-validates-as-email\" aria-required=\"true\" aria-invalid=\"false\" value=\"\" type=\"email\" name=\"email\" \/><\/span> <\/label>\n\t\t\t<\/p>\n\t\t<\/div>\n\t<\/div>\n\t<div class=\"row\" style=\"margin-top: 20px\">\n\t\t<div class=\"wpb_column vc_column_container vc_col-sm-6\">\n\t\t\t<p><label> Citt\u00e0 *<br \/>\n<span class=\"wpcf7-form-control-wrap\" data-name=\"city\"><select class=\"wpcf7-form-control wpcf7-select wpcf7-validates-as-required\" aria-required=\"true\" aria-invalid=\"false\" name=\"city\"><option value=\"Agrigento\">Agrigento<\/option><option value=\"Alessandria\">Alessandria<\/option><option value=\"Ancona\">Ancona<\/option><option value=\"Aosta\">Aosta<\/option><option value=\"L&#039;Aquila\">L&#039;Aquila<\/option><option value=\"Arezzo\">Arezzo<\/option><option value=\"Ascoli-Piceno\">Ascoli-Piceno<\/option><option value=\"Asti\">Asti<\/option><option value=\"Avellino\">Avellino<\/option><option value=\"Bari\">Bari<\/option><option value=\"Barletta-Andria-Trani\">Barletta-Andria-Trani<\/option><option value=\"Belluno\">Belluno<\/option><option value=\"Benevento\">Benevento<\/option><option value=\"Bergamo\">Bergamo<\/option><option value=\"Biella\">Biella<\/option><option value=\"Bologna\">Bologna<\/option><option value=\"Bolzano\">Bolzano<\/option><option value=\"Brescia\">Brescia<\/option><option value=\"Brindisi\">Brindisi<\/option><option value=\"Cagliari\">Cagliari<\/option><option value=\"Caltanissetta\">Caltanissetta<\/option><option value=\"Campobasso\">Campobasso<\/option><option value=\"Carbonia Iglesias\">Carbonia Iglesias<\/option><option value=\"Caserta\">Caserta<\/option><option value=\"Catania\">Catania<\/option><option value=\"Catanzaro\">Catanzaro<\/option><option value=\"Chieti\">Chieti<\/option><option value=\"Como\">Como<\/option><option value=\"Cosenza\">Cosenza<\/option><option value=\"Cremona\">Cremona<\/option><option value=\"Crotone\">Crotone<\/option><option value=\"Cuneo\">Cuneo<\/option><option value=\"Enna\">Enna<\/option><option value=\"Fermo\">Fermo<\/option><option value=\"Ferrara\">Ferrara<\/option><option value=\"Firenze\">Firenze<\/option><option value=\"Foggia\">Foggia<\/option><option value=\"Forli-Cesena\">Forli-Cesena<\/option><option value=\"Frosinone\">Frosinone<\/option><option value=\"Genova\">Genova<\/option><option value=\"Gorizia\">Gorizia<\/option><option value=\"Grosseto\">Grosseto<\/option><option value=\"Imperia\">Imperia<\/option><option value=\"Isernia\">Isernia<\/option><option value=\"La-Spezia\">La-Spezia<\/option><option value=\"Latina\">Latina<\/option><option value=\"Lecce\">Lecce<\/option><option value=\"Lecco\">Lecco<\/option><option value=\"Livorno\">Livorno<\/option><option value=\"Lodi\">Lodi<\/option><option value=\"Lucca\">Lucca<\/option><option value=\"Macerata\">Macerata<\/option><option value=\"Mantova\">Mantova<\/option><option value=\"Massa-Carrara\">Massa-Carrara<\/option><option value=\"Matera\">Matera<\/option><option value=\"Medio Campidano\">Medio Campidano<\/option><option value=\"Messina\">Messina<\/option><option value=\"Milano\">Milano<\/option><option value=\"Modena\">Modena<\/option><option value=\"Monza-Brianza\">Monza-Brianza<\/option><option value=\"Napoli\">Napoli<\/option><option value=\"Novara\">Novara<\/option><option value=\"Nuoro\">Nuoro<\/option><option value=\"Ogliastra\">Ogliastra<\/option><option value=\"Olbia Tempio\">Olbia Tempio<\/option><option value=\"Oristano\">Oristano<\/option><option value=\"Padova\">Padova<\/option><option value=\"Palermo\">Palermo<\/option><option value=\"Parma\">Parma<\/option><option value=\"Pavia\">Pavia<\/option><option value=\"Perugia\">Perugia<\/option><option value=\"Pesaro-Urbino\">Pesaro-Urbino<\/option><option value=\"Pescara\">Pescara<\/option><option value=\"Piacenza\">Piacenza<\/option><option value=\"Pisa\">Pisa<\/option><option value=\"Pistoia\">Pistoia<\/option><option value=\"Pordenone\">Pordenone<\/option><option value=\"Potenza\">Potenza<\/option><option value=\"Prato\">Prato<\/option><option value=\"Ragusa\">Ragusa<\/option><option value=\"Ravenna\">Ravenna<\/option><option value=\"Reggio-Calabria\">Reggio-Calabria<\/option><option value=\"Reggio-Emilia\">Reggio-Emilia<\/option><option value=\"Rieti\">Rieti<\/option><option value=\"Rimini\">Rimini<\/option><option value=\"Roma\">Roma<\/option><option value=\"Rovigo\">Rovigo<\/option><option value=\"Salerno\">Salerno<\/option><option value=\"Sassari\">Sassari<\/option><option value=\"Savona\">Savona<\/option><option value=\"Siena\">Siena<\/option><option value=\"Siracusa\">Siracusa<\/option><option value=\"Sondrio\">Sondrio<\/option><option value=\"Taranto\">Taranto<\/option><option value=\"Teramo\">Teramo<\/option><option value=\"Terni\">Terni<\/option><option value=\"Torino\">Torino<\/option><option value=\"Trapani\">Trapani<\/option><option value=\"Trento\">Trento<\/option><option value=\"Treviso\">Treviso<\/option><option value=\"Trieste\">Trieste<\/option><option value=\"Udine\">Udine<\/option><option value=\"Varese\">Varese<\/option><option value=\"Venezia\">Venezia<\/option><option value=\"Verbania\">Verbania<\/option><option value=\"Vercelli\">Vercelli<\/option><option value=\"Verona\">Verona<\/option><option value=\"Vibo-Valentia\">Vibo-Valentia<\/option><option value=\"Vicenza\">Vicenza<\/option><option value=\"Viterbo\">Viterbo<\/option><\/select><\/span> <\/label>\n\t\t\t<\/p>\n\t\t<\/div>\n\t\t<div class=\"wpb_column vc_column_container vc_col-sm-6\">\n\t\t\t<p><label> Indirizzo (Via, Civico, CAP) *<br \/>\n<span class=\"wpcf7-form-control-wrap\" data-name=\"address\"><input size=\"40\" maxlength=\"400\" class=\"wpcf7-form-control wpcf7-text wpcf7-validates-as-required\" aria-required=\"true\" aria-invalid=\"false\" value=\"\" type=\"text\" name=\"address\" \/><\/span> <\/label>\n\t\t\t<\/p>\n\t\t<\/div>\n\t<\/div>\n\t<div class=\"row\" style=\"margin-top: 20px\">\n\t\t<div class=\"wpb_column vc_column_container vc_col-sm-6\">\n\t\t\t<p><label> Telefono<br \/>\n<span class=\"wpcf7-form-control-wrap\" data-name=\"phone\"><input size=\"40\" maxlength=\"400\" class=\"wpcf7-form-control wpcf7-tel wpcf7-text wpcf7-validates-as-tel\" aria-invalid=\"false\" value=\"\" type=\"tel\" name=\"phone\" \/><\/span> <\/label>\n\t\t\t<\/p>\n\t\t<\/div>\n\t\t<div class=\"wpb_column vc_column_container vc_col-sm-6\">\n\t\t\t<p><label> Messaggio<br \/>\n<span class=\"wpcf7-form-control-wrap\" data-name=\"message\"><textarea cols=\"40\" rows=\"10\" maxlength=\"2000\" class=\"wpcf7-form-control wpcf7-textarea\" aria-invalid=\"false\" name=\"message\"><\/textarea><\/span> <\/label>\n\t\t\t<\/p>\n\t\t<\/div>\n\t<\/div>\n\t<div class=\"row\" style=\"margin-top: 20px\">\n\t\t<div class=\"wpb_column vc_column_container\">\n\t\t\t<p style=\"font-size:12px !important\"><span class=\"wpcf7-form-control-wrap\" data-name=\"privacy\"><span class=\"wpcf7-form-control wpcf7-acceptance\"><span class=\"wpcf7-list-item\"><label><input type=\"checkbox\" name=\"privacy\" value=\"1\" aria-invalid=\"false\" \/><span class=\"wpcf7-list-item-label\">Ai sensi e per gli effetti degli artt. 6 e 13 del Regolamento (UE) 2016\/679 (GDPR), cliccando su \u201cINVIA\u201d dichiaro di aver preso visione dell\u2019<a href=\"\/PRIVACY_POLICY_VALVERDE_241028.pdf\" target=\"_blank\" style=\"color: #DC006C;\">informativa<\/a> per il trattamento dei dati personali di Refresco Italia S.p.A. \u2013 finalit\u00e0 A) CONTATTI<\/span><\/label><\/span><\/span><\/span>\n\t\t\t<\/p>\n\t\t<\/div>\n\t<\/div>\n<\/div>\n<div class=\"vw-submit\">\n\t<p style=\"margin-top: 40px;margin-left: -15px\"><br \/>\n<input class=\"wpcf7-form-control wpcf7-submit has-spinner\" type=\"submit\" value=\"Invia\" \/>\n\t<\/p>\n<\/div><div class=\"wpcf7-response-output\" aria-hidden=\"true\"><\/div>\n<\/form>\n<\/div>\n[\/vc_column_text][\/vc_column][\/vc_row][vc_row full_width=&#8221;stretch_row&#8221; el_id=&#8221;faq-wrapper&#8221;][vc_column][vc_empty_space height=&#8221;80px&#8221;][vc_tta_accordion style=&#8221;flat&#8221; shape=&#8221;square&#8221; color=&#8221;white&#8221; c_align=&#8221;center&#8221; active_section=&#8221;&#8221; collapsible_all=&#8221;true&#8221; el_id=&#8221;qa-full-width&#8221;][vc_tta_section title=&#8221;QUALI SONO LE RAGIONI PER UTILIZZARE IL SERVIZIO DI CONSEGNA A DOMICILIO?&#8221; tab_id=&#8221;1603983886649-6bfb395e-66a7&#8243;][vc_column_text]Il servizio di consegna a domicilio \u00e8 comodo, per tutte le tasche e fa del bene all\u2019ambiente. Comodo perch\u00e9 ti permette di ricevere l\u2019acqua direttamente a casa, conveniente perch\u00e9 la vicinanza delle fonti al luogo di consumo finale dell\u2019acqua consentono di abbattere costi, e fa del bene all\u2019ambiente perch\u00e9 il vetro a rendere \u00e8 un materiale riutilizzabile pi\u00f9 volte e completamente riciclabile.[\/vc_column_text][\/vc_tta_section][vc_tta_section title=&#8221;COME RECLUTATE IL PERSONALE PER LA CONSEGNA A DOMICILIO?&#8221; tab_id=&#8221;1603983886659-d88ebab7-30c9&#8243;][vc_column_text]Il personale che effettua le consegne fa parte di imprese, spesso famigliari, che collaborano da anni con la nostra azienda. Avrai a che fare con personale attento ad ascoltare le tue richieste e rispondere alle tue esigenze, col fine di <strong>fornirti il miglior servizio possibile<\/strong>.[\/vc_column_text][\/vc_tta_section][vc_tta_section title=&#8221;C\u2019\u00c8 UN QUANTITATIVO MINIMO DI ORDINE?&#8221; tab_id=&#8221;1604238668101-ea6be8ec-24b8&#8243;][vc_column_text]L\u2019ordine minimo \u00e8 di 1 cassa (12 bottiglie).[\/vc_column_text][\/vc_tta_section][vc_tta_section title=&#8221;POSSO STABILIRE UN ORARIO PER LA CONSEGNA?&#8221; tab_id=&#8221;1604238720752-2c417388-a76b&#8221;][vc_column_text]Certamente. Contattando il distributore potrai trovare la soluzione pi\u00f9 comoda per te![\/vc_column_text][\/vc_tta_section][vc_tta_section title=&#8221;\u00c8 PREVISTO UN ABBONAMENTO, CON CONSEGNE A CADENZE REGOLARI?&#8221; tab_id=&#8221;1604238742935-dbf41ef8-d220&#8243;][vc_column_text]S\u00ec. Puoi concordare con il tuo distributore ogni quanto effettuare la consegna, evitando di dover richiamare ogni volta.[\/vc_column_text][\/vc_tta_section][vc_tta_section title=&#8221;COSA SUCCEDE SE NON SONO IN CASA?&#8221; tab_id=&#8221;1604238763216-4b1feb9c-5f04&#8243;][vc_column_text]Se non sei presente lascia i vuoti da ritirare vicino alla porta, lasceremo i prodotti ordinati portando via i vuoti. Se hai dei dubbi, contatta il distributore e concorda una modalit\u00e0 di consegna adatta alle tue esigenze.[\/vc_column_text][\/vc_tta_section][vc_tta_section title=&#8221;COME POSSO PAGARE?&#8221; tab_id=&#8221;1604238781002-2f430a51-3336&#8243;][vc_column_text]Contattando il distributore potrai trovare la soluzione pi\u00f9 comoda per te.[\/vc_column_text][\/vc_tta_section][\/vc_tta_accordion][\/vc_column][\/vc_row]<\/p>\n","protected":false},"excerpt":{"rendered":"<p>[vc_row][vc_column width=&#8221;2\/3&#8243;][vc_column_text] Una scelta di stile per te, buona per l&#8217;ambiente Apprezza tutta la freschezza di Acqua Valverde grazie al rapido servizio di consegna a domicilio. Acqua Valverde sgorga dal Monte Rosa, viene imbottigliata nel vetro per mantenere le sue propriet\u00e0 organolettiche, e ti raggiunge grazie al sistema di vetro a rendere che ti permette&hellip;<\/p>\n","protected":false},"author":1,"featured_media":0,"parent":0,"menu_order":0,"comment_status":"closed","ping_status":"closed","template":"","meta":{"_acf_changed":false,"footnotes":""},"class_list":["post-5237","page","type-page","status-publish","hentry"],"acf":[],"_links":{"self":[{"href":"https:\/\/www.valverdewater.com\/en\/wp-json\/wp\/v2\/pages\/5237"}],"collection":[{"href":"https:\/\/www.valverdewater.com\/en\/wp-json\/wp\/v2\/pages"}],"about":[{"href":"https:\/\/www.valverdewater.com\/en\/wp-json\/wp\/v2\/types\/page"}],"author":[{"embeddable":true,"href":"https:\/\/www.valverdewater.com\/en\/wp-json\/wp\/v2\/users\/1"}],"replies":[{"embeddable":true,"href":"https:\/\/www.valverdewater.com\/en\/wp-json\/wp\/v2\/comments?post=5237"}],"version-history":[{"count":8,"href":"https:\/\/www.valverdewater.com\/en\/wp-json\/wp\/v2\/pages\/5237\/revisions"}],"predecessor-version":[{"id":5808,"href":"https:\/\/www.valverdewater.com\/en\/wp-json\/wp\/v2\/pages\/5237\/revisions\/5808"}],"wp:attachment":[{"href":"https:\/\/www.valverdewater.com\/en\/wp-json\/wp\/v2\/media?parent=5237"}],"curies":[{"name":"wp","href":"https:\/\/api.w.org\/{rel}","templated":true}]}}