{"id":4310,"date":"2018-06-26T21:39:02","date_gmt":"2018-06-26T19:39:02","guid":{"rendered":"http:\/\/www.valverdewater.com\/?page_id=4310"},"modified":"2020-07-30T12:39:13","modified_gmt":"2020-07-30T10:39:13","slug":"video","status":"publish","type":"page","link":"https:\/\/www.valverdewater.com\/en\/video\/","title":{"rendered":"Video"},"content":{"rendered":"<p>[vc_row equal_height=&#8221;yes&#8221; content_placement=&#8221;middle&#8221;][vc_column width=&#8221;5\/12&#8243;][vc_column_text el_class=&#8221;video-title&#8221;]Valverde People<br \/>\nCarlo Simbula[\/vc_column_text][vc_empty_space height=&#8221;10px&#8221;][vc_column_text el_class=&#8221;video-subtitle&#8221;]Rum Sour[\/vc_column_text][\/vc_column][vc_column width=&#8221;7\/12&#8243;][vc_video link=&#8221;https:\/\/youtu.be\/0rM17tV0zmo&#8221; align=&#8221;center&#8221;][\/vc_column][\/vc_row][vc_row el_class=&#8221;visible-xs&#8221;][vc_column][vc_empty_space height=&#8221;40px&#8221;][\/vc_column][\/vc_row][vc_row equal_height=&#8221;yes&#8221; content_placement=&#8221;middle&#8221;][vc_column width=&#8221;5\/12&#8243;][vc_column_text el_class=&#8221;video-title&#8221;]Valverde People<br \/>\nTerry Giacomello[\/vc_column_text][vc_empty_space height=&#8221;10px&#8221;][vc_column_text el_class=&#8221;video-subtitle&#8221;]Tagliolini di albume, fonduta di parmigiano e tartufo nero[\/vc_column_text][\/vc_column][vc_column width=&#8221;7\/12&#8243;][vc_video link=&#8221;https:\/\/youtu.be\/ZgZn0HATHj0&#8243; align=&#8221;center&#8221;][\/vc_column][\/vc_row][vc_row el_class=&#8221;visible-xs&#8221;][vc_column][vc_empty_space height=&#8221;40px&#8221;][\/vc_column][\/vc_row][vc_row equal_height=&#8221;yes&#8221; content_placement=&#8221;middle&#8221;][vc_column width=&#8221;5\/12&#8243;][vc_column_text el_class=&#8221;video-title&#8221;]Valverde People<br \/>\nCarlo Simbula[\/vc_column_text][vc_empty_space height=&#8221;10px&#8221;][vc_column_text el_class=&#8221;video-subtitle&#8221;]Green Collins[\/vc_column_text][\/vc_column][vc_column width=&#8221;7\/12&#8243;][vc_video link=&#8221;https:\/\/youtu.be\/G5XAHG4h-l8&#8243; align=&#8221;center&#8221;][\/vc_column][\/vc_row][vc_row el_class=&#8221;visible-xs&#8221;][vc_column][vc_empty_space height=&#8221;40px&#8221;][\/vc_column][\/vc_row][vc_row equal_height=&#8221;yes&#8221; content_placement=&#8221;middle&#8221;][vc_column width=&#8221;5\/12&#8243;][vc_column_text el_class=&#8221;video-title&#8221;]Valverde People<br \/>\nGiovanni Ricciardella[\/vc_column_text][vc_empty_space height=&#8221;10px&#8221;][vc_column_text el_class=&#8221;video-subtitle&#8221;]L&#8217;orto e il riso[\/vc_column_text][\/vc_column][vc_column width=&#8221;7\/12&#8243;][vc_video link=&#8221;https:\/\/youtu.be\/FfW5jcSWJ1g&#8221; align=&#8221;center&#8221;][\/vc_column][\/vc_row][vc_row el_class=&#8221;visible-xs&#8221;][vc_column][vc_empty_space height=&#8221;40px&#8221;][\/vc_column][\/vc_row][vc_row equal_height=&#8221;yes&#8221; content_placement=&#8221;middle&#8221;][vc_column width=&#8221;5\/12&#8243;][vc_column_text el_class=&#8221;video-title&#8221;]Valverde People<br \/>\nCarlo Simbula[\/vc_column_text][vc_empty_space height=&#8221;10px&#8221;][vc_column_text el_class=&#8221;video-subtitle&#8221;]Collins al Pomodoro[\/vc_column_text][\/vc_column][vc_column width=&#8221;7\/12&#8243;][vc_video link=&#8221;https:\/\/youtu.be\/Pfsc5CmZ8uQ&#8221; align=&#8221;center&#8221;][\/vc_column][\/vc_row][vc_row el_class=&#8221;visible-xs&#8221;][vc_column][vc_empty_space height=&#8221;40px&#8221;][\/vc_column][\/vc_row][vc_row equal_height=&#8221;yes&#8221; content_placement=&#8221;middle&#8221;][vc_column width=&#8221;5\/12&#8243;][vc_column_text el_class=&#8221;video-title&#8221;]Valverde People<br \/>\nAlessandro Bellingeri[\/vc_column_text][vc_empty_space height=&#8221;10px&#8221;][vc_column_text el_class=&#8221;video-subtitle&#8221;]Spaghettoni con trota fario, limone e aglio orsino[\/vc_column_text][\/vc_column][vc_column width=&#8221;7\/12&#8243;][vc_video link=&#8221;https:\/\/youtu.be\/_VTthTO8ZWM&#8221; align=&#8221;center&#8221;][\/vc_column][\/vc_row][vc_row el_class=&#8221;visible-xs&#8221;][vc_column][vc_empty_space height=&#8221;40px&#8221;][\/vc_column][\/vc_row][vc_row equal_height=&#8221;yes&#8221; content_placement=&#8221;middle&#8221;][vc_column width=&#8221;5\/12&#8243;][vc_column_text el_class=&#8221;video-title&#8221;]Valverde People<br \/>\nCarlo Simbula[\/vc_column_text][vc_empty_space height=&#8221;10px&#8221;][vc_column_text el_class=&#8221;video-subtitle&#8221;]Whisky Highball[\/vc_column_text][\/vc_column][vc_column width=&#8221;7\/12&#8243;][vc_video link=&#8221;https:\/\/youtu.be\/BlCuFCTWbjY&#8221; align=&#8221;center&#8221;][\/vc_column][\/vc_row][vc_row el_class=&#8221;visible-xs&#8221;][vc_column][vc_empty_space height=&#8221;40px&#8221;][\/vc_column][\/vc_row][vc_row equal_height=&#8221;yes&#8221; content_placement=&#8221;middle&#8221;][vc_column width=&#8221;5\/12&#8243;][vc_column_text el_class=&#8221;video-title&#8221;]Valverde People<br \/>\nFlavio Costa[\/vc_column_text][vc_empty_space height=&#8221;10px&#8221;][vc_column_text el_class=&#8221;video-subtitle&#8221;]Crema di zucchette trombette, seppie al nero e scorzette candite di limone[\/vc_column_text][\/vc_column][vc_column width=&#8221;7\/12&#8243;][vc_video link=&#8221;https:\/\/youtu.be\/TafKzPmLypE&#8221; align=&#8221;center&#8221;][\/vc_column][\/vc_row][vc_row el_class=&#8221;visible-xs&#8221;][vc_column][vc_empty_space height=&#8221;40px&#8221;][\/vc_column][\/vc_row][vc_row equal_height=&#8221;yes&#8221; content_placement=&#8221;middle&#8221;][vc_column width=&#8221;5\/12&#8243;][vc_column_text el_class=&#8221;video-title&#8221;]Valverde People<br \/>\nCarlo Simbula[\/vc_column_text][vc_empty_space height=&#8221;10px&#8221;][vc_column_text el_class=&#8221;video-subtitle&#8221;]Gin Highball[\/vc_column_text][\/vc_column][vc_column width=&#8221;7\/12&#8243;][vc_video link=&#8221;https:\/\/youtu.be\/HAi2zRDehG4&#8243; align=&#8221;center&#8221;][\/vc_column][\/vc_row][vc_row el_class=&#8221;visible-xs&#8221;][vc_column][vc_empty_space height=&#8221;40px&#8221;][\/vc_column][\/vc_row][vc_row equal_height=&#8221;yes&#8221; content_placement=&#8221;middle&#8221;][vc_column width=&#8221;5\/12&#8243;][vc_column_text el_class=&#8221;video-title&#8221;]Valverde People<br \/>\nMichele Biassoni[\/vc_column_text][vc_empty_space height=&#8221;10px&#8221;][vc_column_text el_class=&#8221;video-subtitle&#8221;]Astice Gasato[\/vc_column_text][\/vc_column][vc_column width=&#8221;7\/12&#8243;][vc_video link=&#8221;https:\/\/youtu.be\/EaYQo1YQsIM&#8221; align=&#8221;center&#8221;][\/vc_column][\/vc_row][vc_row el_class=&#8221;visible-xs&#8221;][vc_column][vc_empty_space height=&#8221;40px&#8221;][\/vc_column][\/vc_row][vc_row equal_height=&#8221;yes&#8221; content_placement=&#8221;middle&#8221;][vc_column width=&#8221;5\/12&#8243;][vc_column_text el_class=&#8221;video-title&#8221;]Valverde People<br \/>\nCarlo Simbula[\/vc_column_text][vc_empty_space height=&#8221;10px&#8221;][vc_column_text el_class=&#8221;video-subtitle&#8221;]Marsala Cobbler[\/vc_column_text][\/vc_column][vc_column width=&#8221;7\/12&#8243;][vc_video link=&#8221;https:\/\/youtu.be\/GFyHbarTqaw&#8221; align=&#8221;center&#8221;][\/vc_column][\/vc_row][vc_row el_class=&#8221;visible-xs&#8221;][vc_column][vc_empty_space height=&#8221;40px&#8221;][\/vc_column][\/vc_row][vc_row equal_height=&#8221;yes&#8221; content_placement=&#8221;middle&#8221;][vc_column width=&#8221;5\/12&#8243;][vc_column_text el_class=&#8221;video-title&#8221;]Valverde People<br \/>\nLuca Mauri[\/vc_column_text][vc_empty_space height=&#8221;10px&#8221;][vc_column_text el_class=&#8221;video-subtitle&#8221;]Zuppetta di fragole , limoni snack, timo, mandorle caramellate,<br \/>\ncrumble e infuso ai fiori di fiordaliso con acqua Valverde[\/vc_column_text][\/vc_column][vc_column width=&#8221;7\/12&#8243;][vc_video link=&#8221;https:\/\/youtu.be\/JBQ77XoLbzo&#8221; align=&#8221;center&#8221;][\/vc_column][\/vc_row][vc_row el_class=&#8221;visible-xs&#8221;][vc_column][vc_empty_space height=&#8221;40px&#8221;][\/vc_column][\/vc_row][vc_row equal_height=&#8221;yes&#8221; content_placement=&#8221;middle&#8221;][vc_column width=&#8221;5\/12&#8243;][vc_column_text el_class=&#8221;video-title&#8221;]Valverde People<br \/>\nCarlo Simbula[\/vc_column_text][vc_empty_space height=&#8221;10px&#8221;][vc_column_text el_class=&#8221;video-subtitle&#8221;]Mojito[\/vc_column_text][\/vc_column][vc_column width=&#8221;7\/12&#8243;][vc_video link=&#8221;https:\/\/youtu.be\/VTUAGPXJtC8&#8243; align=&#8221;center&#8221;][\/vc_column][\/vc_row][vc_row el_class=&#8221;visible-xs&#8221;][vc_column][vc_empty_space height=&#8221;40px&#8221;][\/vc_column][\/vc_row][vc_row equal_height=&#8221;yes&#8221; content_placement=&#8221;middle&#8221;][vc_column width=&#8221;5\/12&#8243;][vc_column_text el_class=&#8221;video-title&#8221;]Valverde People<br \/>\nStefano Masanti[\/vc_column_text][vc_empty_space height=&#8221;10px&#8221;][vc_column_text el_class=&#8221;video-subtitle&#8221;]Sciat alla Valtellinese[\/vc_column_text][\/vc_column][vc_column width=&#8221;7\/12&#8243;][vc_video link=&#8221;https:\/\/youtu.be\/oJSouomQRJo&#8221; align=&#8221;center&#8221;][\/vc_column][\/vc_row][vc_row el_class=&#8221;visible-xs&#8221;][vc_column][vc_empty_space height=&#8221;40px&#8221;][\/vc_column][\/vc_row][vc_row equal_height=&#8221;yes&#8221; content_placement=&#8221;middle&#8221;][vc_column width=&#8221;5\/12&#8243;][vc_column_text el_class=&#8221;video-title&#8221;]Valverde People<br \/>\nCarlo Simbula[\/vc_column_text][vc_empty_space height=&#8221;10px&#8221;][vc_column_text el_class=&#8221;video-subtitle&#8221;]Twist su Sherry Collins[\/vc_column_text][\/vc_column][vc_column width=&#8221;7\/12&#8243;][vc_video link=&#8221;https:\/\/youtu.be\/rqeobYXvFzs&#8221; align=&#8221;center&#8221;][\/vc_column][\/vc_row][vc_row el_class=&#8221;visible-xs&#8221;][vc_column][vc_empty_space height=&#8221;40px&#8221;][\/vc_column][\/vc_row][vc_row equal_height=&#8221;yes&#8221; content_placement=&#8221;middle&#8221;][vc_column width=&#8221;5\/12&#8243;][vc_column_text el_class=&#8221;video-title&#8221;]Valverde People<br \/>\nCarlo Simbula[\/vc_column_text][vc_empty_space height=&#8221;10px&#8221;][vc_column_text el_class=&#8221;video-subtitle&#8221;]Twist su Americano[\/vc_column_text][\/vc_column][vc_column width=&#8221;7\/12&#8243;][vc_video link=&#8221;https:\/\/youtu.be\/Z5vUxVkyhzk&#8221; align=&#8221;center&#8221;][\/vc_column][\/vc_row][vc_row el_class=&#8221;visible-xs&#8221;][vc_column][vc_empty_space height=&#8221;40px&#8221;][\/vc_column][\/vc_row][vc_row equal_height=&#8221;yes&#8221; content_placement=&#8221;middle&#8221;][vc_column width=&#8221;5\/12&#8243;][vc_column_text el_class=&#8221;video-title&#8221;]Valverde People<br \/>\nAntonio Danise[\/vc_column_text][vc_empty_space height=&#8221;10px&#8221;][vc_column_text el_class=&#8221;video-subtitle&#8221;]Acqua tra sale e terra[\/vc_column_text][\/vc_column][vc_column width=&#8221;7\/12&#8243;][vc_video link=&#8221;https:\/\/youtu.be\/a1VscbzQt9s&#8221; align=&#8221;center&#8221;][\/vc_column][\/vc_row][vc_row el_class=&#8221;visible-xs&#8221;][vc_column][vc_empty_space height=&#8221;40px&#8221;][\/vc_column][\/vc_row][vc_row equal_height=&#8221;yes&#8221; content_placement=&#8221;middle&#8221;][vc_column width=&#8221;5\/12&#8243;][vc_column_text el_class=&#8221;video-title&#8221;]Valverde People<br \/>\nFranco Aliberti[\/vc_column_text][vc_empty_space height=&#8221;10px&#8221;][vc_column_text el_class=&#8221;video-subtitle&#8221;]Torta all&#8217;acqua e mandorle[\/vc_column_text][\/vc_column][vc_column width=&#8221;7\/12&#8243;][vc_video link=&#8221;https:\/\/youtu.be\/YRlWRKn3djI&#8221; align=&#8221;center&#8221;][\/vc_column][\/vc_row][vc_row el_class=&#8221;visible-xs&#8221;][vc_column][vc_empty_space height=&#8221;40px&#8221;][\/vc_column][\/vc_row][vc_row equal_height=&#8221;yes&#8221; content_placement=&#8221;middle&#8221;][vc_column width=&#8221;5\/12&#8243;][vc_column_text el_class=&#8221;video-title&#8221;]Valverde People<br \/>\nCarlo Simbula[\/vc_column_text][vc_empty_space height=&#8221;10px&#8221;][vc_column_text el_class=&#8221;video-subtitle&#8221;]Army and Navy[\/vc_column_text][\/vc_column][vc_column width=&#8221;7\/12&#8243;][vc_video link=&#8221;https:\/\/youtu.be\/xA0s5VnNSOg&#8221; align=&#8221;center&#8221;][\/vc_column][\/vc_row][vc_row el_class=&#8221;visible-xs&#8221;][vc_column][vc_empty_space height=&#8221;40px&#8221;][\/vc_column][\/vc_row][vc_row equal_height=&#8221;yes&#8221; content_placement=&#8221;middle&#8221;][vc_column width=&#8221;5\/12&#8243;][vc_column_text el_class=&#8221;video-title&#8221;]Valverde People<br \/>\nFelix Lo Basso[\/vc_column_text][vc_empty_space height=&#8221;10px&#8221;][vc_column_text el_class=&#8221;video-subtitle&#8221;]Fiore di zucca farcito con ricotta di pecora, aspic al brodo di zucchine e fiori di primavera[\/vc_column_text][\/vc_column][vc_column width=&#8221;7\/12&#8243;][vc_video link=&#8221;https:\/\/youtu.be\/_CQrpt6sEPo&#8221; align=&#8221;center&#8221;][\/vc_column][\/vc_row][vc_row el_class=&#8221;visible-xs&#8221;][vc_column][vc_empty_space height=&#8221;40px&#8221;][\/vc_column][\/vc_row][vc_row equal_height=&#8221;yes&#8221; content_placement=&#8221;middle&#8221;][vc_column width=&#8221;5\/12&#8243;][vc_column_text el_class=&#8221;video-title&#8221;]Quando si condividono gli stessi valori fare strada insieme \u00e8 pi\u00f9 emozionante. Noi ne abbiamo molti in comune con lo Chef Leveill\u00e9.[\/vc_column_text][\/vc_column][vc_column width=&#8221;7\/12&#8243;][vc_video link=&#8221;https:\/\/youtu.be\/YDrQzysKDW8&#8243; align=&#8221;center&#8221;][\/vc_column][\/vc_row][vc_row el_class=&#8221;visible-xs&#8221;][vc_column][vc_empty_space height=&#8221;40px&#8221;][\/vc_column][\/vc_row][vc_row equal_height=&#8221;yes&#8221; content_placement=&#8221;middle&#8221;][vc_column width=&#8221;5\/12&#8243;][vc_column_text el_class=&#8221;video-title&#8221;]Valverde. Un\u2019acqua che nasce per esaltare il gusto e i sapori.[\/vc_column_text][\/vc_column][vc_column width=&#8221;7\/12&#8243;][vc_video link=&#8221;https:\/\/youtu.be\/Jdb0_BLdxc8&#8243; align=&#8221;center&#8221;][\/vc_column][\/vc_row][vc_row el_class=&#8221;visible-xs&#8221;][vc_column][vc_empty_space height=&#8221;40px&#8221;][\/vc_column][\/vc_row][vc_row equal_height=&#8221;yes&#8221; content_placement=&#8221;middle&#8221;][vc_column width=&#8221;5\/12&#8243;][vc_column_text el_class=&#8221;video-title&#8221;]Backstage Valverde<\/p>\n<p>reservation book 2017.[\/vc_column_text][\/vc_column][vc_column width=&#8221;7\/12&#8243;][vc_video link=&#8221;https:\/\/youtu.be\/zMuEr6DRZVg&#8221; align=&#8221;center&#8221;][\/vc_column][\/vc_row][vc_row][vc_column][vc_empty_space height=&#8221;40px&#8221; el_class=&#8221;visible-xs&#8221;][vc_empty_space height=&#8221;40px&#8221;][\/vc_column][\/vc_row][vc_row equal_height=&#8221;yes&#8221; content_placement=&#8221;middle&#8221;][vc_column width=&#8221;5\/12&#8243;][vc_column_text el_class=&#8221;video-title&#8221;]Valverde, l\u2019estetica del cibo<\/p>\n<p>Libreria Rizzoli Milano[\/vc_column_text][\/vc_column][vc_column width=&#8221;7\/12&#8243;][vc_video link=&#8221;https:\/\/youtu.be\/VDK6RG8HHPw&#8221; align=&#8221;center&#8221;][\/vc_column][\/vc_row][vc_row][vc_column][vc_empty_space height=&#8221;40px&#8221; el_class=&#8221;visible-xs&#8221;][vc_empty_space height=&#8221;40px&#8221;][\/vc_column][\/vc_row][vc_row equal_height=&#8221;yes&#8221; content_placement=&#8221;middle&#8221;][vc_column width=&#8221;5\/12&#8243;][vc_column_text el_class=&#8221;video-title&#8221;]Valverde,<\/p>\n<p>l&#8217;estetica del cibo[\/vc_column_text][\/vc_column][vc_column width=&#8221;7\/12&#8243;][vc_video link=&#8221;https:\/\/youtu.be\/rH3q96T-E0M&#8221; align=&#8221;center&#8221;][\/vc_column][\/vc_row][vc_row][vc_column][vc_empty_space height=&#8221;40px&#8221; el_class=&#8221;visible-xs&#8221;][vc_empty_space height=&#8221;40px&#8221;][\/vc_column][\/vc_row][vc_row equal_height=&#8221;yes&#8221; content_placement=&#8221;middle&#8221;][vc_column width=&#8221;5\/12&#8243;][vc_column_text el_class=&#8221;video-title&#8221;]Matteo Thun,<\/p>\n<p>la forma dell&#8217;acqua.[\/vc_column_text][\/vc_column][vc_column width=&#8221;7\/12&#8243;][vc_video link=&#8221;https:\/\/youtu.be\/CDrzkEDYJvU&#8221; align=&#8221;center&#8221;][\/vc_column][\/vc_row][vc_row][vc_column][vc_empty_space height=&#8221;40px&#8221; el_class=&#8221;visible-xs&#8221;][vc_empty_space height=&#8221;80px&#8221;][\/vc_column][\/vc_row]<\/p>\n","protected":false},"excerpt":{"rendered":"<p>[vc_row equal_height=&#8221;yes&#8221; content_placement=&#8221;middle&#8221;][vc_column width=&#8221;5\/12&#8243;][vc_column_text el_class=&#8221;video-title&#8221;]Valverde People Carlo Simbula[\/vc_column_text][vc_empty_space height=&#8221;10px&#8221;][vc_column_text el_class=&#8221;video-subtitle&#8221;]Rum Sour[\/vc_column_text][\/vc_column][vc_column width=&#8221;7\/12&#8243;][vc_video link=&#8221;https:\/\/youtu.be\/0rM17tV0zmo&#8221; align=&#8221;center&#8221;][\/vc_column][\/vc_row][vc_row el_class=&#8221;visible-xs&#8221;][vc_column][vc_empty_space height=&#8221;40px&#8221;][\/vc_column][\/vc_row][vc_row equal_height=&#8221;yes&#8221; content_placement=&#8221;middle&#8221;][vc_column width=&#8221;5\/12&#8243;][vc_column_text el_class=&#8221;video-title&#8221;]Valverde People Terry Giacomello[\/vc_column_text][vc_empty_space height=&#8221;10px&#8221;][vc_column_text el_class=&#8221;video-subtitle&#8221;]Tagliolini di albume, fonduta di parmigiano e tartufo nero[\/vc_column_text][\/vc_column][vc_column width=&#8221;7\/12&#8243;][vc_video link=&#8221;https:\/\/youtu.be\/ZgZn0HATHj0&#8243; align=&#8221;center&#8221;][\/vc_column][\/vc_row][vc_row el_class=&#8221;visible-xs&#8221;][vc_column][vc_empty_space height=&#8221;40px&#8221;][\/vc_column][\/vc_row][vc_row equal_height=&#8221;yes&#8221; content_placement=&#8221;middle&#8221;][vc_column width=&#8221;5\/12&#8243;][vc_column_text el_class=&#8221;video-title&#8221;]Valverde People Carlo Simbula[\/vc_column_text][vc_empty_space height=&#8221;10px&#8221;][vc_column_text el_class=&#8221;video-subtitle&#8221;]Green Collins[\/vc_column_text][\/vc_column][vc_column width=&#8221;7\/12&#8243;][vc_video link=&#8221;https:\/\/youtu.be\/G5XAHG4h-l8&#8243; align=&#8221;center&#8221;][\/vc_column][\/vc_row][vc_row el_class=&#8221;visible-xs&#8221;][vc_column][vc_empty_space height=&#8221;40px&#8221;][\/vc_column][\/vc_row][vc_row equal_height=&#8221;yes&#8221; content_placement=&#8221;middle&#8221;][vc_column&hellip;<\/p>\n","protected":false},"author":1,"featured_media":0,"parent":0,"menu_order":0,"comment_status":"closed","ping_status":"closed","template":"","meta":{"_acf_changed":false,"footnotes":""},"class_list":["post-4310","page","type-page","status-publish","hentry"],"acf":[],"_links":{"self":[{"href":"https:\/\/www.valverdewater.com\/en\/wp-json\/wp\/v2\/pages\/4310"}],"collection":[{"href":"https:\/\/www.valverdewater.com\/en\/wp-json\/wp\/v2\/pages"}],"about":[{"href":"https:\/\/www.valverdewater.com\/en\/wp-json\/wp\/v2\/types\/page"}],"author":[{"embeddable":true,"href":"https:\/\/www.valverdewater.com\/en\/wp-json\/wp\/v2\/users\/1"}],"replies":[{"embeddable":true,"href":"https:\/\/www.valverdewater.com\/en\/wp-json\/wp\/v2\/comments?post=4310"}],"version-history":[{"count":15,"href":"https:\/\/www.valverdewater.com\/en\/wp-json\/wp\/v2\/pages\/4310\/revisions"}],"predecessor-version":[{"id":5234,"href":"https:\/\/www.valverdewater.com\/en\/wp-json\/wp\/v2\/pages\/4310\/revisions\/5234"}],"wp:attachment":[{"href":"https:\/\/www.valverdewater.com\/en\/wp-json\/wp\/v2\/media?parent=4310"}],"curies":[{"name":"wp","href":"https:\/\/api.w.org\/{rel}","templated":true}]}}